{"id":1420,"date":"2023-05-03T23:46:07","date_gmt":"2023-05-03T20:46:07","guid":{"rendered":"https:\/\/medikurs.com.tr\/teslimat-ve-iade\/"},"modified":"2023-12-28T15:25:46","modified_gmt":"2023-12-28T12:25:46","slug":"teslimat-ve-iade","status":"publish","type":"page","link":"https:\/\/medikurs.com.tr\/en\/delivery-and-return\/","title":{"rendered":"DELIVERY and RETURN"},"content":{"rendered":"<p>Amac\u0131m\u0131z, herkese kaliteli bir e\u011fitim deneyimi ya\u015fatmak bu y\u00fczden ald\u0131\u011f\u0131n\u0131z e\u011fitimden fayda g\u00f6rmeniz bizler i\u00e7in \u00e7ok \u00f6nemli. Bu nedenle e\u011fitimleri sat\u0131n almadan \u00f6nce iyi d\u00fc\u015f\u00fcnmenizi ve soru i\u015faretleriniz varsa bizimle info@medikurs.com.tr adresinden ileti\u015fime ge\u00e7menizi rica ediyoruz. E\u011fitimlere ili\u015fkin detayl\u0131 bilgileri ayn\u0131 zamanda @medikurs instagram hesab\u0131ndan da payla\u015f\u0131yoruz. E\u011fitimleri sat\u0131n almadan \u00f6nce gerekli inceleme ve ara\u015ft\u0131rmalar\u0131 yapman\u0131z olduk\u00e7a \u00f6nemli, 27.11.2014 tarihli 29188 say\u0131l\u0131 resmi gazetede madde 15\u2019te de belirtildi\u011fi \u00fczere dijital i\u00e7erikler cayma hakk\u0131 kapsam\u0131nda yer almamaktad\u0131r.<\/p>\n","protected":false},"excerpt":{"rendered":"<p>Amac\u0131m\u0131z, herkese kaliteli bir e\u011fitim deneyimi ya\u015fatmak bu y\u00fczden ald\u0131\u011f\u0131n\u0131z e\u011fitimden fayda g\u00f6rmeniz bizler i\u00e7in \u00e7ok \u00f6nemli. Bu nedenle e\u011fitimleri sat\u0131n almadan \u00f6nce iyi d\u00fc\u015f\u00fcnmenizi ve soru i\u015faretleriniz varsa bizimle info@medikurs.com.tr adresinden ileti\u015fime ge\u00e7menizi rica ediyoruz. E\u011fitimlere ili\u015fkin detayl\u0131 bilgileri ayn\u0131 zamanda @medikurs instagram hesab\u0131ndan da payla\u015f\u0131yoruz. E\u011fitimleri sat\u0131n almadan \u00f6nce gerekli inceleme ve ara\u015ft\u0131rmalar\u0131 yapman\u0131z olduk\u00e7a \u00f6nemli, 27.11.2014 tarihli 29188 say\u0131l\u0131 resmi gazetede madde 15\u2019te de belirtildi\u011fi \u00fczere dijital i\u00e7erikler cayma hakk\u0131 kapsam\u0131nda yer almamaktad\u0131r.<\/p>\n","protected":false},"author":1,"featured_media":0,"parent":0,"menu_order":0,"comment_status":"closed","ping_status":"closed","template":"","meta":{"footnotes":""},"class_list":["post-1420","page","type-page","status-publish","hentry"],"yoast_head":"<!-- This site is optimized with the Yoast SEO plugin v27.4 - https:\/\/yoast.com\/product\/yoast-seo-wordpress\/ -->\n<title>DELIVERY and RETURN - Medikurs<\/title>\n<meta name=\"robots\" content=\"index, follow, max-snippet:-1, max-image-preview:large, max-video-preview:-1\" \/>\n<link rel=\"canonical\" href=\"https:\/\/medikurs.com.tr\/en\/delivery-and-return\/\" \/>\n<meta property=\"og:locale\" content=\"en_US\" \/>\n<meta property=\"og:type\" content=\"article\" \/>\n<meta property=\"og:title\" content=\"DELIVERY and RETURN - Medikurs\" \/>\n<meta property=\"og:description\" content=\"Amac\u0131m\u0131z, herkese kaliteli bir e\u011fitim deneyimi ya\u015fatmak bu y\u00fczden ald\u0131\u011f\u0131n\u0131z e\u011fitimden fayda g\u00f6rmeniz bizler i\u00e7in \u00e7ok \u00f6nemli. Bu nedenle e\u011fitimleri sat\u0131n almadan \u00f6nce iyi d\u00fc\u015f\u00fcnmenizi ve soru i\u015faretleriniz varsa bizimle info@medikurs.com.tr adresinden ileti\u015fime ge\u00e7menizi rica ediyoruz. E\u011fitimlere ili\u015fkin detayl\u0131 bilgileri ayn\u0131 zamanda @medikurs instagram hesab\u0131ndan da payla\u015f\u0131yoruz. E\u011fitimleri sat\u0131n almadan \u00f6nce gerekli inceleme ve ara\u015ft\u0131rmalar\u0131 yapman\u0131z olduk\u00e7a \u00f6nemli, 27.11.2014 tarihli 29188 say\u0131l\u0131 resmi gazetede madde 15\u2019te de belirtildi\u011fi \u00fczere dijital i\u00e7erikler cayma hakk\u0131 kapsam\u0131nda yer almamaktad\u0131r.\" \/>\n<meta property=\"og:url\" content=\"https:\/\/medikurs.com.tr\/en\/delivery-and-return\/\" \/>\n<meta property=\"og:site_name\" content=\"Medikurs\" \/>\n<meta property=\"article:modified_time\" content=\"2023-12-28T12:25:46+00:00\" \/>\n<meta name=\"twitter:card\" content=\"summary_large_image\" \/>\n<meta name=\"twitter:label1\" content=\"Est. reading time\" \/>\n\t<meta name=\"twitter:data1\" content=\"1 minute\" \/>\n<script type=\"application\/ld+json\" class=\"yoast-schema-graph\">{\"@context\":\"https:\\\/\\\/schema.org\",\"@graph\":[{\"@type\":\"WebPage\",\"@id\":\"https:\\\/\\\/medikurs.com.tr\\\/en\\\/delivery-and-return\\\/\",\"url\":\"https:\\\/\\\/medikurs.com.tr\\\/en\\\/delivery-and-return\\\/\",\"name\":\"DELIVERY and RETURN - Medikurs\",\"isPartOf\":{\"@id\":\"https:\\\/\\\/medikurs.com.tr\\\/#website\"},\"datePublished\":\"2023-05-03T20:46:07+00:00\",\"dateModified\":\"2023-12-28T12:25:46+00:00\",\"breadcrumb\":{\"@id\":\"https:\\\/\\\/medikurs.com.tr\\\/en\\\/delivery-and-return\\\/#breadcrumb\"},\"inLanguage\":\"en-US\",\"potentialAction\":[{\"@type\":\"ReadAction\",\"target\":[\"https:\\\/\\\/medikurs.com.tr\\\/en\\\/delivery-and-return\\\/\"]}]},{\"@type\":\"BreadcrumbList\",\"@id\":\"https:\\\/\\\/medikurs.com.tr\\\/en\\\/delivery-and-return\\\/#breadcrumb\",\"itemListElement\":[{\"@type\":\"ListItem\",\"position\":1,\"name\":\"Anasayfa\",\"item\":\"https:\\\/\\\/medikurs.com.tr\\\/en\\\/\"},{\"@type\":\"ListItem\",\"position\":2,\"name\":\"DELIVERY and RETURN\"}]},{\"@type\":\"WebSite\",\"@id\":\"https:\\\/\\\/medikurs.com.tr\\\/#website\",\"url\":\"https:\\\/\\\/medikurs.com.tr\\\/\",\"name\":\"Medikurs | Fizyoterapi, Osteopati E\u011fitimleri\",\"description\":\"\",\"publisher\":{\"@id\":\"https:\\\/\\\/medikurs.com.tr\\\/#organization\"},\"potentialAction\":[{\"@type\":\"SearchAction\",\"target\":{\"@type\":\"EntryPoint\",\"urlTemplate\":\"https:\\\/\\\/medikurs.com.tr\\\/?s={search_term_string}\"},\"query-input\":{\"@type\":\"PropertyValueSpecification\",\"valueRequired\":true,\"valueName\":\"search_term_string\"}}],\"inLanguage\":\"en-US\"},{\"@type\":\"Organization\",\"@id\":\"https:\\\/\\\/medikurs.com.tr\\\/#organization\",\"name\":\"Medikurs E\u011fitim\",\"url\":\"https:\\\/\\\/medikurs.com.tr\\\/\",\"logo\":{\"@type\":\"ImageObject\",\"inLanguage\":\"en-US\",\"@id\":\"https:\\\/\\\/medikurs.com.tr\\\/#\\\/schema\\\/logo\\\/image\\\/\",\"url\":\"https:\\\/\\\/medikurs.com.tr\\\/wp-content\\\/uploads\\\/2023\\\/11\\\/medikurs-logo.png\",\"contentUrl\":\"https:\\\/\\\/medikurs.com.tr\\\/wp-content\\\/uploads\\\/2023\\\/11\\\/medikurs-logo.png\",\"width\":1200,\"height\":301,\"caption\":\"Medikurs E\u011fitim\"},\"image\":{\"@id\":\"https:\\\/\\\/medikurs.com.tr\\\/#\\\/schema\\\/logo\\\/image\\\/\"},\"sameAs\":[\"https:\\\/\\\/www.youtube.com\\\/@medikursfizyoterapiosteopa1417\",\"https:\\\/\\\/www.instagram.com\\\/medikurs\"]}]}<\/script>\n<!-- \/ Yoast SEO plugin. -->","yoast_head_json":{"title":"DELIVERY and RETURN - Medikurs","robots":{"index":"index","follow":"follow","max-snippet":"max-snippet:-1","max-image-preview":"max-image-preview:large","max-video-preview":"max-video-preview:-1"},"canonical":"https:\/\/medikurs.com.tr\/en\/delivery-and-return\/","og_locale":"en_US","og_type":"article","og_title":"DELIVERY and RETURN - Medikurs","og_description":"Amac\u0131m\u0131z, herkese kaliteli bir e\u011fitim deneyimi ya\u015fatmak bu y\u00fczden ald\u0131\u011f\u0131n\u0131z e\u011fitimden fayda g\u00f6rmeniz bizler i\u00e7in \u00e7ok \u00f6nemli. Bu nedenle e\u011fitimleri sat\u0131n almadan \u00f6nce iyi d\u00fc\u015f\u00fcnmenizi ve soru i\u015faretleriniz varsa bizimle info@medikurs.com.tr adresinden ileti\u015fime ge\u00e7menizi rica ediyoruz. E\u011fitimlere ili\u015fkin detayl\u0131 bilgileri ayn\u0131 zamanda @medikurs instagram hesab\u0131ndan da payla\u015f\u0131yoruz. E\u011fitimleri sat\u0131n almadan \u00f6nce gerekli inceleme ve ara\u015ft\u0131rmalar\u0131 yapman\u0131z olduk\u00e7a \u00f6nemli, 27.11.2014 tarihli 29188 say\u0131l\u0131 resmi gazetede madde 15\u2019te de belirtildi\u011fi \u00fczere dijital i\u00e7erikler cayma hakk\u0131 kapsam\u0131nda yer almamaktad\u0131r.","og_url":"https:\/\/medikurs.com.tr\/en\/delivery-and-return\/","og_site_name":"Medikurs","article_modified_time":"2023-12-28T12:25:46+00:00","twitter_card":"summary_large_image","twitter_misc":{"Est. reading time":"1 minute"},"schema":{"@context":"https:\/\/schema.org","@graph":[{"@type":"WebPage","@id":"https:\/\/medikurs.com.tr\/en\/delivery-and-return\/","url":"https:\/\/medikurs.com.tr\/en\/delivery-and-return\/","name":"DELIVERY and RETURN - Medikurs","isPartOf":{"@id":"https:\/\/medikurs.com.tr\/#website"},"datePublished":"2023-05-03T20:46:07+00:00","dateModified":"2023-12-28T12:25:46+00:00","breadcrumb":{"@id":"https:\/\/medikurs.com.tr\/en\/delivery-and-return\/#breadcrumb"},"inLanguage":"en-US","potentialAction":[{"@type":"ReadAction","target":["https:\/\/medikurs.com.tr\/en\/delivery-and-return\/"]}]},{"@type":"BreadcrumbList","@id":"https:\/\/medikurs.com.tr\/en\/delivery-and-return\/#breadcrumb","itemListElement":[{"@type":"ListItem","position":1,"name":"Anasayfa","item":"https:\/\/medikurs.com.tr\/en\/"},{"@type":"ListItem","position":2,"name":"DELIVERY and RETURN"}]},{"@type":"WebSite","@id":"https:\/\/medikurs.com.tr\/#website","url":"https:\/\/medikurs.com.tr\/","name":"Medikurs | Fizyoterapi, Osteopati E\u011fitimleri","description":"","publisher":{"@id":"https:\/\/medikurs.com.tr\/#organization"},"potentialAction":[{"@type":"SearchAction","target":{"@type":"EntryPoint","urlTemplate":"https:\/\/medikurs.com.tr\/?s={search_term_string}"},"query-input":{"@type":"PropertyValueSpecification","valueRequired":true,"valueName":"search_term_string"}}],"inLanguage":"en-US"},{"@type":"Organization","@id":"https:\/\/medikurs.com.tr\/#organization","name":"Medikurs E\u011fitim","url":"https:\/\/medikurs.com.tr\/","logo":{"@type":"ImageObject","inLanguage":"en-US","@id":"https:\/\/medikurs.com.tr\/#\/schema\/logo\/image\/","url":"https:\/\/medikurs.com.tr\/wp-content\/uploads\/2023\/11\/medikurs-logo.png","contentUrl":"https:\/\/medikurs.com.tr\/wp-content\/uploads\/2023\/11\/medikurs-logo.png","width":1200,"height":301,"caption":"Medikurs E\u011fitim"},"image":{"@id":"https:\/\/medikurs.com.tr\/#\/schema\/logo\/image\/"},"sameAs":["https:\/\/www.youtube.com\/@medikursfizyoterapiosteopa1417","https:\/\/www.instagram.com\/medikurs"]}]}},"_links":{"self":[{"href":"https:\/\/medikurs.com.tr\/en\/wp-json\/wp\/v2\/pages\/1420","targetHints":{"allow":["GET"]}}],"collection":[{"href":"https:\/\/medikurs.com.tr\/en\/wp-json\/wp\/v2\/pages"}],"about":[{"href":"https:\/\/medikurs.com.tr\/en\/wp-json\/wp\/v2\/types\/page"}],"author":[{"embeddable":true,"href":"https:\/\/medikurs.com.tr\/en\/wp-json\/wp\/v2\/users\/1"}],"replies":[{"embeddable":true,"href":"https:\/\/medikurs.com.tr\/en\/wp-json\/wp\/v2\/comments?post=1420"}],"version-history":[{"count":1,"href":"https:\/\/medikurs.com.tr\/en\/wp-json\/wp\/v2\/pages\/1420\/revisions"}],"predecessor-version":[{"id":1556,"href":"https:\/\/medikurs.com.tr\/en\/wp-json\/wp\/v2\/pages\/1420\/revisions\/1556"}],"wp:attachment":[{"href":"https:\/\/medikurs.com.tr\/en\/wp-json\/wp\/v2\/media?parent=1420"}],"curies":[{"name":"wp","href":"https:\/\/api.w.org\/{rel}","templated":true}]}}