{"id":1417,"date":"2023-05-03T23:46:51","date_gmt":"2023-05-03T20:46:51","guid":{"rendered":"https:\/\/medikurs.com.tr\/satis-sozlesmesi\/"},"modified":"2023-12-28T15:25:14","modified_gmt":"2023-12-28T12:25:14","slug":"satis-sozlesmesi","status":"publish","type":"page","link":"https:\/\/medikurs.com.tr\/en\/sales-contract\/","title":{"rendered":"SALES CONTRACT"},"content":{"rendered":"<p><strong>MESAFEL\u0130 SATI\u015e S\u00d6ZLE\u015eMES\u0130<\/strong><\/p>\n<p>MADDE 1 \u2013 S\u00d6ZLE\u015eMEN\u0130N TARAFLARI<\/p>\n<p>SATICI<\/p>\n<p>\u00dcNVANI :<br \/>\nADRES :<br \/>\nTELEFON :<br \/>\nWEB :<br \/>\nE-POSTA :<\/p>\n<p>Bundan sonra SATICI olarak an\u0131lacakt\u0131r.<\/p>\n<p><strong>ALICI<\/strong><\/p>\n<p>ADI SOYADI \/ \u00dcNVANI : \u2026\u2026<br \/>\nADRES : \u2026\u2026<br \/>\nTELEFON : \u2026\u2026<br \/>\nE-POSTA : \u2026\u2026<\/p>\n<p>Bundan sonra ALICI olarak an\u0131lacakt\u0131r.<\/p>\n<p><strong>MADDE 2 \u2013 S\u00d6ZLE\u015eMEN\u0130N KONUSU<\/strong><\/p>\n<p>\u0130\u015f bu s\u00f6zle\u015fmenin konusu, ALICI\u2019n\u0131n, SATICI\u2019ya ait <strong>medikurs.com.tr<\/strong> web sitesinden elektronik ortamda veya\u00a0<a href=\"tel:+905353629547\">+90 535 362 95 47 <\/a><strong>\u00a0<\/strong>nolu telefondan sipari\u015f verdi\u011fi, s\u00f6zle\u015fmede bahsi ge\u00e7en nitelikleri haiz ve yine s\u00f6zle\u015fmede sat\u0131\u015f fiyat\u0131 belirtilen mal\/hizmetin sat\u0131\u015f\u0131 ve teslimi ile ilgili olarak 4077 say\u0131l\u0131 T\u00fcketicilerin Korunmas\u0131 Hakk\u0131ndaki Kanun ve Mesafeli S\u00f6zle\u015fmeler Uygulama Esas ve Usulleri Hakk\u0131nda Y\u00f6netmelik h\u00fck\u00fcmleri gere\u011fince taraflar\u0131n hak ve y\u00fck\u00fcml\u00fcl\u00fcklerinin saptanmas\u0131d\u0131r. ALICI, sat\u0131\u015fa konu mal\/hizmetlerin temel nitelikleri, sat\u0131\u015f fiyat\u0131, \u00f6deme sekli, teslimat ko\u015fullar\u0131 vs. sat\u0131\u015fa konu mal\/hizmet ile ilgili t\u00fcm \u00f6n bilgiler ve \u201ccayma\u201d hakk\u0131 konusunda bilgi sahibi oldu\u011funu, bu \u00f6n bilgileri elektronik ortamda teyit etti\u011fini ve sonras\u0131nda mal\/hizmeti sipari\u015f verdi\u011fini i\u015f bu s\u00f6zle\u015fme h\u00fck\u00fcmlerince kabul ve beyan eder. <strong>medikurs.com.tr<\/strong>\u00a0sitesinde \u00f6deme sayfas\u0131nda yer alan \u00f6n bilgilendirme ve fatura i\u015f bu s\u00f6zle\u015fmenin ayr\u0131lmaz par\u00e7alar\u0131d\u0131r.<\/p>\n<p><strong>MADDE 3 \u2013 S\u00d6ZLE\u015eME TAR\u0130H\u0130<\/strong><\/p>\n<p>SATICI taraf\u0131ndan daha \u00f6nce imzalanm\u0131\u015f bulunan i\u015f bu iki n\u00fcsha s\u00f6zle\u015fme, ALICI taraf\u0131ndan \u2026\u2026 tarihinde imzalanarak kabul edilmi\u015ftir. S\u00f6zle\u015fmenin bir n\u00fcshas\u0131 ALICI\u2019n\u0131n e-posta adresine mail g\u00f6nderilecektir.<\/p>\n<p><strong>MADDE 4 \u2013 MAL\/H\u0130ZMET\u0130N TESL\u0130M\u0130, S\u00d6ZLE\u015eMEN\u0130N \u0130FA YER\u0130 VE TESL\u0130M \u015eEKL\u0130<\/strong><\/p>\n<p>Mal\/hizmet, ALICI\u2019n\u0131n teslimini talep etmi\u015f oldu\u011fu \u2026\u2026 adresinde \u2026\u2026 adl\u0131 ki\u015fi\/kurulu\u015fa teslim edilecektir.<\/p>\n<p><strong>MADDE 5 \u2013 TESL\u0130MAT MASRAFLARI VE \u0130FASI<\/strong><\/p>\n<p>Teslimat masraflar\u0131 ALICI\u2019ya aittir. SATICI, web sitesinde ilan etti\u011fi rakam\u0131n \u00fczerinde al\u0131\u015fveri\u015f yapanlar\u0131n teslimat \u00fccretinin kendisince kar\u015f\u0131lanaca\u011f\u0131n\u0131 beyan etmi\u015fse, teslimat masraf\u0131 SATICI\u2019ya aittir. Teslimat; sto\u011fun m\u00fcsait olmas\u0131 ve mal bedelinin SATICI\u2019n\u0131n hesab\u0131na ge\u00e7mesinden sonra en k\u0131sa s\u00fcrede yap\u0131l\u0131r. SATICI, mal\/hizmeti sipari\u015finden itibaren 30 (otuz) g\u00fcn i\u00e7inde teslim eder ve bu s\u00fcre i\u00e7inde yaz\u0131l\u0131 bildirimle ek 10 (on) g\u00fcnl\u00fck s\u00fcre uzat\u0131m hakk\u0131n\u0131 sakl\u0131 tutar. Herhangi bir nedenle mal\/hizmet bedeli \u00f6denmez veya banka kay\u0131tlar\u0131nda iptal edilir ise, SATICI mal\/hizmetin teslimi y\u00fck\u00fcml\u00fcl\u00fc\u011f\u00fcnden kurtulmu\u015f kabul edilir.<\/p>\n<p><strong>MADDE 6 \u2013 ALICININ BEYAN VE TAAHH\u00dcTLER\u0130<\/strong><\/p>\n<p>ALICI, s\u00f6zle\u015fme konusu mal\/hizmeti teslim almadan \u00f6nce muayene edecek ezik, k\u0131r\u0131k, ambalaj\u0131 y\u0131rt\u0131lm\u0131\u015f vb. hasarl\u0131 ve ay\u0131pl\u0131 mal\/hizmeti kargo \u015firketinden teslim almayacakt\u0131r. Teslim al\u0131nan mal\/hizmetin hasars\u0131z ve sa\u011flam oldu\u011fu kabul edilecektir. Teslimden sonra mal\/hizmetin \u00f6zenle korunmas\u0131 borcu, ALICI\u2019ya aittir. Fatura iade edilmelidir. Mal\/hizmetin tesliminden sonra ALICI\u2019ya ait kredi kart\u0131n\u0131n ALICI\u2019n\u0131n kusurundan kaynaklanmayan bir \u015fekilde yetkisiz ki\u015filerce haks\u0131z veya hukuka ayk\u0131r\u0131 olarak kullan\u0131lmas\u0131 nedeni ile ilgili banka veya finans kurulu\u015funun mal\/hizmet bedelini SATICI\u2019ya \u00f6dememesi halinde, ALICI kendisine teslim edilmi\u015f olmas\u0131 kayd\u0131yla mal\/hizmeti 3 (\u00fc\u00e7) g\u00fcn i\u00e7inde SATICI\u2019ya g\u00f6ndermekle y\u00fck\u00fcml\u00fcd\u00fcr. Bu takdirde teslimat giderleri ALICI\u2019ya aittir.<\/p>\n<p><strong>MADDE 7 \u2013 SATICININ BEYAN VE TAAHH\u00dcTLER\u0130<\/strong><\/p>\n<p>SATICI, s\u00f6zle\u015fme konusu mal\/hizmetin sa\u011flam, eksiksiz, sipari\u015fte belirtilen niteliklere uygun ve varsa garanti belgeleri ve kullan\u0131m k\u0131lavuzlar\u0131 ile teslim edilmesinden sorumludur. S\u00f6zle\u015fme konusu mal\/hizmet, ALICI\u2019dan ba\u015fka bir ki\u015fi\/kurulu\u015fa teslim edilecek ise, teslim edilecek ki\u015fi\/kurulu\u015fun teslimat\u0131 kabul etmemesinden SATICI sorumlu tutulamaz. SATICI, cayma beyan\u0131n\u0131n kendisine ula\u015fmas\u0131ndan sonra 7 (yedi) g\u00fcn i\u00e7inde mal\/hizmet bedelini, varsa k\u0131ymetli evrak\u0131 iade eder. Mal\/hizmeti 20 (yirmi) g\u00fcn i\u00e7inde iade al\u0131r. Hakl\u0131 gerek\u00e7elerle SATICI, s\u00f6zle\u015fmedeki ifa s\u00fcresi dolmadan ALICI\u2019ya e\u015fit kalite ve fiyatta tedarik edebilir. SATICI mal\/hizmetin ifas\u0131n\u0131n imk\u00e2ns\u0131zla\u015ft\u0131\u011f\u0131n\u0131 d\u00fc\u015f\u00fcn\u00fcyorsa, s\u00f6zle\u015fmenin ifa s\u00fcresi dolmadan ALICI\u2019ya bildirir. \u00d6denen bedel ve varsa belgeler 10 (on) g\u00fcn i\u00e7inde iade edilir. Garanti belgesi ile sat\u0131lan mal\/hizmetlerden olan veya olmayan mal\/hizmetlerden ar\u0131zal\u0131 veya bozuk olan mal\/hizmetler, garanti \u015fartlar\u0131 i\u00e7inde gerekli onar\u0131m\u0131n yap\u0131lmas\u0131 i\u00e7in SATICI\u2019ya g\u00f6nderilebilir, bu takdirde teslimat giderleri SATICI taraf\u0131ndan kar\u015f\u0131lanacakt\u0131r.<\/p>\n<p><strong>MADDE 8 \u2013 S\u00d6ZLE\u015eMEYE KONU MAL\/H\u0130ZMET\u0130N \u00d6ZELL\u0130KLER\u0130<\/strong><\/p>\n<p>Mal\/hizmetin Cinsi ve T\u00fcr\u00fc, Miktar\u0131, Marka\/Modeli, Rengi ve T\u00fcm Vergiler D\u00e2hil Sat\u0131\u015f Bedeli <strong>medikurs.com.tr<\/strong>\u00a0adl\u0131 web sitesindeki mal\/hizmet tan\u0131t\u0131m sayfas\u0131nda yer alan bilgilerde ve i\u015f bu s\u00f6zle\u015fmenin ayr\u0131lmaz par\u00e7as\u0131 say\u0131lan faturada belirtildi\u011fi gibidir.<\/p>\n<p>{_Siparis_Urun_Listesi_}<\/p>\n<p><strong>MADDE 9 \u2013 MAL\/H\u0130ZMET\u0130N PE\u015e\u0130N F\u0130YATI<\/strong><\/p>\n<p>Mal\/hizmetin pe\u015fin fiyat\u0131 sipari\u015f sonu mail at\u0131lan \u00f6rnek fatura ve \u00fcr\u00fcn ile birlikte m\u00fc\u015fteriye g\u00f6nderilen fatura i\u00e7eri\u011finde mevcuttur.<\/p>\n<p><strong>MADDE 10 \u2013 VADEL\u0130 F\u0130YAT<\/strong><\/p>\n<p>Mal\/hizmetin sat\u0131\u015f fiyat\u0131na yap\u0131lan vadeye g\u00f6re fiyat\u0131 sipari\u015f sonu mail at\u0131lan \u00f6rnek fatura ve \u00fcr\u00fcn ile birlikte m\u00fc\u015fteriye g\u00f6nderilen fatura i\u00e7eri\u011finde mevcuttur.<\/p>\n<p><strong>MADDE 11 \u2013 PE\u015e\u0130NAT TUTARI<\/strong><\/p>\n<p>Mal\/hizmetin pe\u015finat tutar\u0131 sipari\u015f sonu mail at\u0131lan \u00f6rnek fatura ve \u00fcr\u00fcn ile birlikte m\u00fc\u015fteriye g\u00f6nderilen fatura i\u00e7eri\u011finde mevcuttur.<\/p>\n<p><strong>MADDE 12 \u2013 \u00d6DEME PLANI<\/strong><\/p>\n<p>ALICI\u2019n\u0131n, kredi kart\u0131 ile ve taksitle al\u0131\u015fveri\u015f yapmas\u0131 durumunda siteden se\u00e7mi\u015f oldu\u011fu taksit bi\u00e7imi ge\u00e7erlidir. Taksitlendirme i\u015flemlerinde, ALICI ile kart sahibi banka aras\u0131nda imzalanm\u0131\u015f bulunan s\u00f6zle\u015fmenin ilgili h\u00fck\u00fcmleri ge\u00e7erlidir. Kredi kart\u0131 \u00f6deme tarihi banka ile ALICI aras\u0131ndaki s\u00f6zle\u015fme h\u00fck\u00fcmlerince belirlenir. ALICI, ayr\u0131ca bankan\u0131n g\u00f6nderdi\u011fi hesap \u00f6zetinden taksit say\u0131s\u0131n\u0131 ve \u00f6demelerini takip edebilir.<\/p>\n<p><strong>MADDE 13 \u2013 CAYMA HAKKI<\/strong><\/p>\n<p>ALICI, s\u00f6zle\u015fme konusu mal\/hizmetin kendisine veya g\u00f6sterdi\u011fi adresteki ki\u015fi\/kurulu\u015fa tesliminden itibaren 7 (yedi) g\u00fcn i\u00e7inde cayma hakk\u0131n\u0131 kullanabilir. Cayma hakk\u0131n\u0131n kullan\u0131lmas\u0131 i\u00e7in ayn\u0131 s\u00fcre i\u00e7inde SATICI\u2019ya faks, e-posta (bilgi@medikurs.com.tr) veya +90 535 362 95 47 nolu telefon ile bildirimde bulunulmas\u0131 ve mal\/hizmetin 14. madde h\u00fck\u00fcmleri \u00e7er\u00e7evesinde ve i\u015f bu s\u00f6zle\u015fmenin ayr\u0131lmaz par\u00e7as\u0131 olan ve <strong>medikurs.com.tr<\/strong>\u00a0web sitesinde yay\u0131nlanm\u0131\u015f olan \u00f6nbilgiler gere\u011fince, ambalaj ve i\u00e7eri\u011finin denenirken hasar g\u00f6rmemi\u015f olas\u0131 \u015fartt\u0131r. Bu hakk\u0131n kullan\u0131lmas\u0131 halinde, 3. ki\u015fiye veya ALICI\u2019ya teslim edilen mal\/hizmete ili\u015fkin fatura asl\u0131n\u0131n iadesi zorunludur. Cayma hakk\u0131na ili\u015fkin ihbar\u0131n ula\u015fmas\u0131n\u0131 takip eden 10 (on) g\u00fcn i\u00e7inde mal\/hizmet bedeli ALICI\u2019ya iade edilir ve 20 (yirmi) g\u00fcnl\u00fck s\u00fcre i\u00e7inde mal\/hizmet iade al\u0131n\u0131r. Fatura asl\u0131 g\u00f6nderilmezse, ALICI\u2019ya KDV ve varsa di\u011fer yasal y\u00fck\u00fcml\u00fcl\u00fckler iade edilemez. Cayma hakk\u0131 nedeni ile iade edilen mal\/hizmetin teslimat bedeli SATICI taraf\u0131ndan kar\u015f\u0131lan\u0131r.<\/p>\n<p><strong>MADDE 14 \u2013 CAYMA HAKKI KULLANILAMAYACAK MAL\/H\u0130ZMETLER<\/strong><\/p>\n<p>Niteli\u011fi itibar\u0131yla iade edilemeyecek mal\/hizmetler, h\u0131zla bozulan ve son kullanma tarihi ge\u00e7en mal\/hizmetler, tek kullan\u0131ml\u0131k mal\/hizmetler, web site hosting, web site yaz\u0131l\u0131m kiralama, kopyalanabilir her t\u00fcrl\u00fc yaz\u0131l\u0131m ve programlard\u0131r. Ayr\u0131ca, her t\u00fcrl\u00fc yaz\u0131l\u0131m ve programlar\u0131n da, DVD, DIVX, VCD, CD, MD, videokasetlerde, bilgisayar ve k\u0131rtasiye sarf malzemelerinde (toner, kartu\u015f, \u015ferit v.b) ile kozmetik malzemelerinde cayma hakk\u0131n\u0131n kullan\u0131labilmesi i\u00e7in mal\/hizmetin ambalaj\u0131n\u0131n a\u00e7\u0131lmam\u0131\u015f, bozulmam\u0131\u015f ve kullan\u0131lmam\u0131\u015f olmalar\u0131 \u015fart\u0131 bulunmaktad\u0131r.<\/p>\n<p><strong>MADDE 15 \u2013 TEMERR\u00dcD HAL\u0130 VE HUKUK\u0130 SONU\u00c7LARI<\/strong><\/p>\n<p>ALICI, kredi kart\u0131 ile yapm\u0131\u015f oldu\u011fu i\u015flemlerinde temerr\u00fcde d\u00fc\u015fmesi halinde kart sahibi bankan\u0131n kendisi ile yapm\u0131\u015f oldu\u011fu kredi kart\u0131 s\u00f6zle\u015fmesi \u00e7er\u00e7evesinde faiz \u00f6deyecek ve bankaya kar\u015f\u0131 sorumlu olacakt\u0131r. Bu durumda ilgili banka hukuki yollara ba\u015fvurabilir; do\u011facak masraflar\u0131 ve vek\u00e2let \u00fccretini ALICI\u2019dan talep edebilir ve her ko\u015fulda ALICI\u2019n\u0131n borcundan dolay\u0131 temerr\u00fcde d\u00fc\u015fmesi halinde, ALICI, borcun gecikmeli ifas\u0131ndan dolay\u0131 SATICI\u2019n\u0131n olu\u015fan zarar ve ziyan\u0131n\u0131 \u00f6demeyi kabul eder.<\/p>\n<p><strong>MADDE 16 \u2013 YETK\u0130L\u0130 MAHKEME<\/strong><\/p>\n<p>\u0130\u015f bu s\u00f6zle\u015fmeden kaynaklanabilecek ihtilaflarda, Sanayi ve Ticaret Bakanl\u0131\u011f\u0131nca ilan edilen de\u011fere kadar T\u00fcketici Hakem Heyetleri, bu de\u011ferin \u00fczerindeki ihtilaflarda T\u00fcketici Mahkemeleri yetkilidir. T\u00fcketici Mahkemesi bulunamayan yerlerde Asliye Hukuk Mahkemeleri yetkilidir.<\/p>\n<p><strong>SATICI :<\/strong>\u00a0\u2026..<\/p>\n<p><strong>ALICI :<\/strong>\u00a0\u2026\u2026<\/p>\n<p><strong>TAR\u0130H :<\/strong>\u00a0\u2026\u2026<\/p>\n","protected":false},"excerpt":{"rendered":"<p>MESAFEL\u0130 SATI\u015e S\u00d6ZLE\u015eMES\u0130 MADDE 1 \u2013 S\u00d6ZLE\u015eMEN\u0130N TARAFLARI SATICI \u00dcNVANI : ADRES : TELEFON : WEB : E-POSTA : Bundan sonra SATICI olarak an\u0131lacakt\u0131r. ALICI ADI SOYADI \/ \u00dcNVANI : \u2026\u2026 ADRES : \u2026\u2026 TELEFON : \u2026\u2026 E-POSTA : \u2026\u2026 Bundan sonra ALICI olarak an\u0131lacakt\u0131r. MADDE 2 \u2013 S\u00d6ZLE\u015eMEN\u0130N KONUSU \u0130\u015f bu s\u00f6zle\u015fmenin konusu, ALICI\u2019n\u0131n, SATICI\u2019ya ait medikurs.com.tr web sitesinden elektronik ortamda veya\u00a0+90 535 362 95 47 \u00a0nolu telefondan sipari\u015f verdi\u011fi, s\u00f6zle\u015fmede bahsi ge\u00e7en nitelikleri haiz ve yine s\u00f6zle\u015fmede sat\u0131\u015f fiyat\u0131 belirtilen mal\/hizmetin sat\u0131\u015f\u0131 ve teslimi ile ilgili olarak 4077 say\u0131l\u0131 T\u00fcketicilerin Korunmas\u0131 Hakk\u0131ndaki Kanun ve Mesafeli S\u00f6zle\u015fmeler Uygulama Esas [&hellip;]<\/p>\n","protected":false},"author":1,"featured_media":0,"parent":0,"menu_order":0,"comment_status":"closed","ping_status":"closed","template":"","meta":{"footnotes":""},"class_list":["post-1417","page","type-page","status-publish","hentry"],"yoast_head":"<!-- This site is optimized with the Yoast SEO plugin v27.4 - https:\/\/yoast.com\/product\/yoast-seo-wordpress\/ -->\n<title>SALES CONTRACT - Medikurs<\/title>\n<meta name=\"robots\" content=\"index, follow, max-snippet:-1, max-image-preview:large, max-video-preview:-1\" \/>\n<link rel=\"canonical\" href=\"https:\/\/medikurs.com.tr\/en\/sales-contract\/\" \/>\n<meta property=\"og:locale\" content=\"en_US\" \/>\n<meta property=\"og:type\" content=\"article\" \/>\n<meta property=\"og:title\" content=\"SALES CONTRACT - Medikurs\" \/>\n<meta property=\"og:description\" content=\"MESAFEL\u0130 SATI\u015e S\u00d6ZLE\u015eMES\u0130 MADDE 1 \u2013 S\u00d6ZLE\u015eMEN\u0130N TARAFLARI SATICI \u00dcNVANI : ADRES : TELEFON : WEB : E-POSTA : Bundan sonra SATICI olarak an\u0131lacakt\u0131r. ALICI ADI SOYADI \/ \u00dcNVANI : \u2026\u2026 ADRES : \u2026\u2026 TELEFON : \u2026\u2026 E-POSTA : \u2026\u2026 Bundan sonra ALICI olarak an\u0131lacakt\u0131r. MADDE 2 \u2013 S\u00d6ZLE\u015eMEN\u0130N KONUSU \u0130\u015f bu s\u00f6zle\u015fmenin konusu, ALICI\u2019n\u0131n, SATICI\u2019ya ait medikurs.com.tr web sitesinden elektronik ortamda veya\u00a0+90 535 362 95 47 \u00a0nolu telefondan sipari\u015f verdi\u011fi, s\u00f6zle\u015fmede bahsi ge\u00e7en nitelikleri haiz ve yine s\u00f6zle\u015fmede sat\u0131\u015f fiyat\u0131 belirtilen mal\/hizmetin sat\u0131\u015f\u0131 ve teslimi ile ilgili olarak 4077 say\u0131l\u0131 T\u00fcketicilerin Korunmas\u0131 Hakk\u0131ndaki Kanun ve Mesafeli S\u00f6zle\u015fmeler Uygulama Esas [&hellip;]\" \/>\n<meta property=\"og:url\" content=\"https:\/\/medikurs.com.tr\/en\/sales-contract\/\" \/>\n<meta property=\"og:site_name\" content=\"Medikurs\" \/>\n<meta property=\"article:modified_time\" content=\"2023-12-28T12:25:14+00:00\" \/>\n<meta name=\"twitter:card\" content=\"summary_large_image\" \/>\n<meta name=\"twitter:label1\" content=\"Est. reading time\" \/>\n\t<meta name=\"twitter:data1\" content=\"7 minutes\" \/>\n<script type=\"application\/ld+json\" class=\"yoast-schema-graph\">{\"@context\":\"https:\\\/\\\/schema.org\",\"@graph\":[{\"@type\":\"WebPage\",\"@id\":\"https:\\\/\\\/medikurs.com.tr\\\/en\\\/sales-contract\\\/\",\"url\":\"https:\\\/\\\/medikurs.com.tr\\\/en\\\/sales-contract\\\/\",\"name\":\"SALES CONTRACT - Medikurs\",\"isPartOf\":{\"@id\":\"https:\\\/\\\/medikurs.com.tr\\\/#website\"},\"datePublished\":\"2023-05-03T20:46:51+00:00\",\"dateModified\":\"2023-12-28T12:25:14+00:00\",\"breadcrumb\":{\"@id\":\"https:\\\/\\\/medikurs.com.tr\\\/en\\\/sales-contract\\\/#breadcrumb\"},\"inLanguage\":\"en-US\",\"potentialAction\":[{\"@type\":\"ReadAction\",\"target\":[\"https:\\\/\\\/medikurs.com.tr\\\/en\\\/sales-contract\\\/\"]}]},{\"@type\":\"BreadcrumbList\",\"@id\":\"https:\\\/\\\/medikurs.com.tr\\\/en\\\/sales-contract\\\/#breadcrumb\",\"itemListElement\":[{\"@type\":\"ListItem\",\"position\":1,\"name\":\"Anasayfa\",\"item\":\"https:\\\/\\\/medikurs.com.tr\\\/en\\\/\"},{\"@type\":\"ListItem\",\"position\":2,\"name\":\"SALES CONTRACT\"}]},{\"@type\":\"WebSite\",\"@id\":\"https:\\\/\\\/medikurs.com.tr\\\/#website\",\"url\":\"https:\\\/\\\/medikurs.com.tr\\\/\",\"name\":\"Medikurs | Fizyoterapi, Osteopati E\u011fitimleri\",\"description\":\"\",\"publisher\":{\"@id\":\"https:\\\/\\\/medikurs.com.tr\\\/#organization\"},\"potentialAction\":[{\"@type\":\"SearchAction\",\"target\":{\"@type\":\"EntryPoint\",\"urlTemplate\":\"https:\\\/\\\/medikurs.com.tr\\\/?s={search_term_string}\"},\"query-input\":{\"@type\":\"PropertyValueSpecification\",\"valueRequired\":true,\"valueName\":\"search_term_string\"}}],\"inLanguage\":\"en-US\"},{\"@type\":\"Organization\",\"@id\":\"https:\\\/\\\/medikurs.com.tr\\\/#organization\",\"name\":\"Medikurs E\u011fitim\",\"url\":\"https:\\\/\\\/medikurs.com.tr\\\/\",\"logo\":{\"@type\":\"ImageObject\",\"inLanguage\":\"en-US\",\"@id\":\"https:\\\/\\\/medikurs.com.tr\\\/#\\\/schema\\\/logo\\\/image\\\/\",\"url\":\"https:\\\/\\\/medikurs.com.tr\\\/wp-content\\\/uploads\\\/2023\\\/11\\\/medikurs-logo.png\",\"contentUrl\":\"https:\\\/\\\/medikurs.com.tr\\\/wp-content\\\/uploads\\\/2023\\\/11\\\/medikurs-logo.png\",\"width\":1200,\"height\":301,\"caption\":\"Medikurs E\u011fitim\"},\"image\":{\"@id\":\"https:\\\/\\\/medikurs.com.tr\\\/#\\\/schema\\\/logo\\\/image\\\/\"},\"sameAs\":[\"https:\\\/\\\/www.youtube.com\\\/@medikursfizyoterapiosteopa1417\",\"https:\\\/\\\/www.instagram.com\\\/medikurs\"]}]}<\/script>\n<!-- \/ Yoast SEO plugin. -->","yoast_head_json":{"title":"SALES CONTRACT - Medikurs","robots":{"index":"index","follow":"follow","max-snippet":"max-snippet:-1","max-image-preview":"max-image-preview:large","max-video-preview":"max-video-preview:-1"},"canonical":"https:\/\/medikurs.com.tr\/en\/sales-contract\/","og_locale":"en_US","og_type":"article","og_title":"SALES CONTRACT - Medikurs","og_description":"MESAFEL\u0130 SATI\u015e S\u00d6ZLE\u015eMES\u0130 MADDE 1 \u2013 S\u00d6ZLE\u015eMEN\u0130N TARAFLARI SATICI \u00dcNVANI : ADRES : TELEFON : WEB : E-POSTA : Bundan sonra SATICI olarak an\u0131lacakt\u0131r. ALICI ADI SOYADI \/ \u00dcNVANI : \u2026\u2026 ADRES : \u2026\u2026 TELEFON : \u2026\u2026 E-POSTA : \u2026\u2026 Bundan sonra ALICI olarak an\u0131lacakt\u0131r. MADDE 2 \u2013 S\u00d6ZLE\u015eMEN\u0130N KONUSU \u0130\u015f bu s\u00f6zle\u015fmenin konusu, ALICI\u2019n\u0131n, SATICI\u2019ya ait medikurs.com.tr web sitesinden elektronik ortamda veya\u00a0+90 535 362 95 47 \u00a0nolu telefondan sipari\u015f verdi\u011fi, s\u00f6zle\u015fmede bahsi ge\u00e7en nitelikleri haiz ve yine s\u00f6zle\u015fmede sat\u0131\u015f fiyat\u0131 belirtilen mal\/hizmetin sat\u0131\u015f\u0131 ve teslimi ile ilgili olarak 4077 say\u0131l\u0131 T\u00fcketicilerin Korunmas\u0131 Hakk\u0131ndaki Kanun ve Mesafeli S\u00f6zle\u015fmeler Uygulama Esas [&hellip;]","og_url":"https:\/\/medikurs.com.tr\/en\/sales-contract\/","og_site_name":"Medikurs","article_modified_time":"2023-12-28T12:25:14+00:00","twitter_card":"summary_large_image","twitter_misc":{"Est. reading time":"7 minutes"},"schema":{"@context":"https:\/\/schema.org","@graph":[{"@type":"WebPage","@id":"https:\/\/medikurs.com.tr\/en\/sales-contract\/","url":"https:\/\/medikurs.com.tr\/en\/sales-contract\/","name":"SALES CONTRACT - Medikurs","isPartOf":{"@id":"https:\/\/medikurs.com.tr\/#website"},"datePublished":"2023-05-03T20:46:51+00:00","dateModified":"2023-12-28T12:25:14+00:00","breadcrumb":{"@id":"https:\/\/medikurs.com.tr\/en\/sales-contract\/#breadcrumb"},"inLanguage":"en-US","potentialAction":[{"@type":"ReadAction","target":["https:\/\/medikurs.com.tr\/en\/sales-contract\/"]}]},{"@type":"BreadcrumbList","@id":"https:\/\/medikurs.com.tr\/en\/sales-contract\/#breadcrumb","itemListElement":[{"@type":"ListItem","position":1,"name":"Anasayfa","item":"https:\/\/medikurs.com.tr\/en\/"},{"@type":"ListItem","position":2,"name":"SALES CONTRACT"}]},{"@type":"WebSite","@id":"https:\/\/medikurs.com.tr\/#website","url":"https:\/\/medikurs.com.tr\/","name":"Medikurs | Fizyoterapi, Osteopati E\u011fitimleri","description":"","publisher":{"@id":"https:\/\/medikurs.com.tr\/#organization"},"potentialAction":[{"@type":"SearchAction","target":{"@type":"EntryPoint","urlTemplate":"https:\/\/medikurs.com.tr\/?s={search_term_string}"},"query-input":{"@type":"PropertyValueSpecification","valueRequired":true,"valueName":"search_term_string"}}],"inLanguage":"en-US"},{"@type":"Organization","@id":"https:\/\/medikurs.com.tr\/#organization","name":"Medikurs E\u011fitim","url":"https:\/\/medikurs.com.tr\/","logo":{"@type":"ImageObject","inLanguage":"en-US","@id":"https:\/\/medikurs.com.tr\/#\/schema\/logo\/image\/","url":"https:\/\/medikurs.com.tr\/wp-content\/uploads\/2023\/11\/medikurs-logo.png","contentUrl":"https:\/\/medikurs.com.tr\/wp-content\/uploads\/2023\/11\/medikurs-logo.png","width":1200,"height":301,"caption":"Medikurs E\u011fitim"},"image":{"@id":"https:\/\/medikurs.com.tr\/#\/schema\/logo\/image\/"},"sameAs":["https:\/\/www.youtube.com\/@medikursfizyoterapiosteopa1417","https:\/\/www.instagram.com\/medikurs"]}]}},"_links":{"self":[{"href":"https:\/\/medikurs.com.tr\/en\/wp-json\/wp\/v2\/pages\/1417","targetHints":{"allow":["GET"]}}],"collection":[{"href":"https:\/\/medikurs.com.tr\/en\/wp-json\/wp\/v2\/pages"}],"about":[{"href":"https:\/\/medikurs.com.tr\/en\/wp-json\/wp\/v2\/types\/page"}],"author":[{"embeddable":true,"href":"https:\/\/medikurs.com.tr\/en\/wp-json\/wp\/v2\/users\/1"}],"replies":[{"embeddable":true,"href":"https:\/\/medikurs.com.tr\/en\/wp-json\/wp\/v2\/comments?post=1417"}],"version-history":[{"count":2,"href":"https:\/\/medikurs.com.tr\/en\/wp-json\/wp\/v2\/pages\/1417\/revisions"}],"predecessor-version":[{"id":1553,"href":"https:\/\/medikurs.com.tr\/en\/wp-json\/wp\/v2\/pages\/1417\/revisions\/1553"}],"wp:attachment":[{"href":"https:\/\/medikurs.com.tr\/en\/wp-json\/wp\/v2\/media?parent=1417"}],"curies":[{"name":"wp","href":"https:\/\/api.w.org\/{rel}","templated":true}]}}