{"id":1415,"date":"2023-05-03T23:47:05","date_gmt":"2023-05-03T20:47:05","guid":{"rendered":"https:\/\/medikurs.com.tr\/hakkimizda\/"},"modified":"2023-12-28T15:24:40","modified_gmt":"2023-12-28T12:24:40","slug":"hakkimizda","status":"publish","type":"page","link":"https:\/\/medikurs.com.tr\/en\/about-us\/","title":{"rendered":"ABOUT US"},"content":{"rendered":"\r\n<p>T\u00fcrkiye\u2019nin e\u011fitim sitesi Medikurs; T\u00fcrkiye\u2019nin pek \u00e7ok yerinde d\u00fczenlenen farkl\u0131 i\u00e7erikteki e\u011fitimlere ula\u015fabilece\u011finiz, kay\u0131t yapt\u0131rabilece\u011finiz, ge\u00e7mi\u015f kurslar hakk\u0131nda yorum ve g\u00f6r\u00fcnt\u00fclere ula\u015fabilece\u011finiz bir payla\u015f\u0131m sitesidir. Duyurular men\u00fcs\u00fcnden formu doldurman\u0131z halinde en g\u00fcncel kurslar hakk\u0131nda bilgilendirme e-posta adresinize otomatik olarak g\u00f6nderilecektir. Ayr\u0131ca bu \u015fekilde erken kay\u0131t indirimlerinden de faydalanabilirsiniz.<\/p>\r\n\r\n\r\n\r\n<p>D\u00fczenledi\u011finiz e\u011fitim ilanlar\u0131n\u0131 Medikurs e\u011fitim sitesinde payla\u015fabilir, T\u00fcrkiye genelinde binlerce ki\u015fiye ula\u015f\u0131m\u0131n\u0131 sa\u011flayabilirsiniz. E\u011fitim ilanlar\u0131n\u0131z\u0131 payla\u015fmak i\u00e7in detayl\u0131 bilgiyi\u00a0<strong>0535\u00a0362 95 47<\/strong>\u00a0nolu numaradan alabilirsiniz.<\/p>\r\n\r\n\r\n\r\n<div class=\"wp-block-spacer\" style=\"height: 36px;\" aria-hidden=\"true\">\u00a0<\/div>\r\n\r\n\r\n\r\n<figure class=\"wp-block-image size-large\"><img loading=\"lazy\" decoding=\"async\" width=\"1024\" height=\"449\" class=\"wp-image-132\" src=\"https:\/\/medikurs.com.tr\/wp-content\/uploads\/2023\/05\/ost-1024x449.jpg\" alt=\"\" srcset=\"https:\/\/medikurs.com.tr\/wp-content\/uploads\/2023\/05\/ost-1024x449.jpg 1024w, https:\/\/medikurs.com.tr\/wp-content\/uploads\/2023\/05\/ost-300x132.jpg 300w, https:\/\/medikurs.com.tr\/wp-content\/uploads\/2023\/05\/ost-768x337.jpg 768w, https:\/\/medikurs.com.tr\/wp-content\/uploads\/2023\/05\/ost-600x263.jpg 600w, https:\/\/medikurs.com.tr\/wp-content\/uploads\/2023\/05\/ost.jpg 1140w\" sizes=\"auto, (max-width: 1024px) 100vw, 1024px\" \/><\/figure>\r\n","protected":false},"excerpt":{"rendered":"<p>T\u00fcrkiye\u2019nin e\u011fitim sitesi Medikurs; T\u00fcrkiye\u2019nin pek \u00e7ok yerinde d\u00fczenlenen farkl\u0131 i\u00e7erikteki e\u011fitimlere ula\u015fabilece\u011finiz, kay\u0131t yapt\u0131rabilece\u011finiz, ge\u00e7mi\u015f kurslar hakk\u0131nda yorum ve g\u00f6r\u00fcnt\u00fclere ula\u015fabilece\u011finiz bir payla\u015f\u0131m sitesidir. Duyurular men\u00fcs\u00fcnden formu doldurman\u0131z halinde en g\u00fcncel kurslar hakk\u0131nda bilgilendirme e-posta adresinize otomatik olarak g\u00f6nderilecektir. Ayr\u0131ca bu \u015fekilde erken kay\u0131t indirimlerinden de faydalanabilirsiniz. D\u00fczenledi\u011finiz e\u011fitim ilanlar\u0131n\u0131 Medikurs e\u011fitim sitesinde payla\u015fabilir, T\u00fcrkiye genelinde binlerce ki\u015fiye ula\u015f\u0131m\u0131n\u0131 sa\u011flayabilirsiniz. E\u011fitim ilanlar\u0131n\u0131z\u0131 payla\u015fmak i\u00e7in detayl\u0131 bilgiyi\u00a00535\u00a0362 95 47\u00a0nolu numaradan alabilirsiniz.<\/p>\n","protected":false},"author":1,"featured_media":0,"parent":0,"menu_order":0,"comment_status":"closed","ping_status":"closed","template":"","meta":{"footnotes":""},"class_list":["post-1415","page","type-page","status-publish","hentry"],"yoast_head":"<!-- This site is optimized with the Yoast SEO plugin v27.4 - https:\/\/yoast.com\/product\/yoast-seo-wordpress\/ -->\n<title>ABOUT US - Medikurs<\/title>\n<meta name=\"robots\" content=\"index, follow, max-snippet:-1, max-image-preview:large, max-video-preview:-1\" \/>\n<link rel=\"canonical\" href=\"https:\/\/medikurs.com.tr\/en\/about-us\/\" \/>\n<meta property=\"og:locale\" content=\"en_US\" \/>\n<meta property=\"og:type\" content=\"article\" \/>\n<meta property=\"og:title\" content=\"ABOUT US - Medikurs\" \/>\n<meta property=\"og:description\" content=\"T\u00fcrkiye\u2019nin e\u011fitim sitesi Medikurs; T\u00fcrkiye\u2019nin pek \u00e7ok yerinde d\u00fczenlenen farkl\u0131 i\u00e7erikteki e\u011fitimlere ula\u015fabilece\u011finiz, kay\u0131t yapt\u0131rabilece\u011finiz, ge\u00e7mi\u015f kurslar hakk\u0131nda yorum ve g\u00f6r\u00fcnt\u00fclere ula\u015fabilece\u011finiz bir payla\u015f\u0131m sitesidir. Duyurular men\u00fcs\u00fcnden formu doldurman\u0131z halinde en g\u00fcncel kurslar hakk\u0131nda bilgilendirme e-posta adresinize otomatik olarak g\u00f6nderilecektir. Ayr\u0131ca bu \u015fekilde erken kay\u0131t indirimlerinden de faydalanabilirsiniz. D\u00fczenledi\u011finiz e\u011fitim ilanlar\u0131n\u0131 Medikurs e\u011fitim sitesinde payla\u015fabilir, T\u00fcrkiye genelinde binlerce ki\u015fiye ula\u015f\u0131m\u0131n\u0131 sa\u011flayabilirsiniz. E\u011fitim ilanlar\u0131n\u0131z\u0131 payla\u015fmak i\u00e7in detayl\u0131 bilgiyi\u00a00535\u00a0362 95 47\u00a0nolu numaradan alabilirsiniz.\" \/>\n<meta property=\"og:url\" content=\"https:\/\/medikurs.com.tr\/en\/about-us\/\" \/>\n<meta property=\"og:site_name\" content=\"Medikurs\" \/>\n<meta property=\"article:modified_time\" content=\"2023-12-28T12:24:40+00:00\" \/>\n<meta property=\"og:image\" content=\"https:\/\/medikurs.com.tr\/wp-content\/uploads\/2023\/05\/ost-1024x449.jpg\" \/>\n<meta name=\"twitter:card\" content=\"summary_large_image\" \/>\n<meta name=\"twitter:label1\" content=\"Est. reading time\" \/>\n\t<meta name=\"twitter:data1\" content=\"1 minute\" \/>\n<script type=\"application\/ld+json\" class=\"yoast-schema-graph\">{\"@context\":\"https:\\\/\\\/schema.org\",\"@graph\":[{\"@type\":\"WebPage\",\"@id\":\"https:\\\/\\\/medikurs.com.tr\\\/en\\\/about-us\\\/\",\"url\":\"https:\\\/\\\/medikurs.com.tr\\\/en\\\/about-us\\\/\",\"name\":\"ABOUT US - Medikurs\",\"isPartOf\":{\"@id\":\"https:\\\/\\\/medikurs.com.tr\\\/#website\"},\"primaryImageOfPage\":{\"@id\":\"https:\\\/\\\/medikurs.com.tr\\\/en\\\/about-us\\\/#primaryimage\"},\"image\":{\"@id\":\"https:\\\/\\\/medikurs.com.tr\\\/en\\\/about-us\\\/#primaryimage\"},\"thumbnailUrl\":\"https:\\\/\\\/medikurs.com.tr\\\/wp-content\\\/uploads\\\/2023\\\/05\\\/ost-1024x449.jpg\",\"datePublished\":\"2023-05-03T20:47:05+00:00\",\"dateModified\":\"2023-12-28T12:24:40+00:00\",\"breadcrumb\":{\"@id\":\"https:\\\/\\\/medikurs.com.tr\\\/en\\\/about-us\\\/#breadcrumb\"},\"inLanguage\":\"en-US\",\"potentialAction\":[{\"@type\":\"ReadAction\",\"target\":[\"https:\\\/\\\/medikurs.com.tr\\\/en\\\/about-us\\\/\"]}]},{\"@type\":\"ImageObject\",\"inLanguage\":\"en-US\",\"@id\":\"https:\\\/\\\/medikurs.com.tr\\\/en\\\/about-us\\\/#primaryimage\",\"url\":\"https:\\\/\\\/medikurs.com.tr\\\/wp-content\\\/uploads\\\/2023\\\/05\\\/ost-1024x449.jpg\",\"contentUrl\":\"https:\\\/\\\/medikurs.com.tr\\\/wp-content\\\/uploads\\\/2023\\\/05\\\/ost-1024x449.jpg\"},{\"@type\":\"BreadcrumbList\",\"@id\":\"https:\\\/\\\/medikurs.com.tr\\\/en\\\/about-us\\\/#breadcrumb\",\"itemListElement\":[{\"@type\":\"ListItem\",\"position\":1,\"name\":\"Anasayfa\",\"item\":\"https:\\\/\\\/medikurs.com.tr\\\/en\\\/\"},{\"@type\":\"ListItem\",\"position\":2,\"name\":\"ABOUT US\"}]},{\"@type\":\"WebSite\",\"@id\":\"https:\\\/\\\/medikurs.com.tr\\\/#website\",\"url\":\"https:\\\/\\\/medikurs.com.tr\\\/\",\"name\":\"Medikurs | Fizyoterapi, Osteopati E\u011fitimleri\",\"description\":\"\",\"publisher\":{\"@id\":\"https:\\\/\\\/medikurs.com.tr\\\/#organization\"},\"potentialAction\":[{\"@type\":\"SearchAction\",\"target\":{\"@type\":\"EntryPoint\",\"urlTemplate\":\"https:\\\/\\\/medikurs.com.tr\\\/?s={search_term_string}\"},\"query-input\":{\"@type\":\"PropertyValueSpecification\",\"valueRequired\":true,\"valueName\":\"search_term_string\"}}],\"inLanguage\":\"en-US\"},{\"@type\":\"Organization\",\"@id\":\"https:\\\/\\\/medikurs.com.tr\\\/#organization\",\"name\":\"Medikurs E\u011fitim\",\"url\":\"https:\\\/\\\/medikurs.com.tr\\\/\",\"logo\":{\"@type\":\"ImageObject\",\"inLanguage\":\"en-US\",\"@id\":\"https:\\\/\\\/medikurs.com.tr\\\/#\\\/schema\\\/logo\\\/image\\\/\",\"url\":\"https:\\\/\\\/medikurs.com.tr\\\/wp-content\\\/uploads\\\/2023\\\/11\\\/medikurs-logo.png\",\"contentUrl\":\"https:\\\/\\\/medikurs.com.tr\\\/wp-content\\\/uploads\\\/2023\\\/11\\\/medikurs-logo.png\",\"width\":1200,\"height\":301,\"caption\":\"Medikurs E\u011fitim\"},\"image\":{\"@id\":\"https:\\\/\\\/medikurs.com.tr\\\/#\\\/schema\\\/logo\\\/image\\\/\"},\"sameAs\":[\"https:\\\/\\\/www.youtube.com\\\/@medikursfizyoterapiosteopa1417\",\"https:\\\/\\\/www.instagram.com\\\/medikurs\"]}]}<\/script>\n<!-- \/ Yoast SEO plugin. -->","yoast_head_json":{"title":"ABOUT US - Medikurs","robots":{"index":"index","follow":"follow","max-snippet":"max-snippet:-1","max-image-preview":"max-image-preview:large","max-video-preview":"max-video-preview:-1"},"canonical":"https:\/\/medikurs.com.tr\/en\/about-us\/","og_locale":"en_US","og_type":"article","og_title":"ABOUT US - Medikurs","og_description":"T\u00fcrkiye\u2019nin e\u011fitim sitesi Medikurs; T\u00fcrkiye\u2019nin pek \u00e7ok yerinde d\u00fczenlenen farkl\u0131 i\u00e7erikteki e\u011fitimlere ula\u015fabilece\u011finiz, kay\u0131t yapt\u0131rabilece\u011finiz, ge\u00e7mi\u015f kurslar hakk\u0131nda yorum ve g\u00f6r\u00fcnt\u00fclere ula\u015fabilece\u011finiz bir payla\u015f\u0131m sitesidir. Duyurular men\u00fcs\u00fcnden formu doldurman\u0131z halinde en g\u00fcncel kurslar hakk\u0131nda bilgilendirme e-posta adresinize otomatik olarak g\u00f6nderilecektir. Ayr\u0131ca bu \u015fekilde erken kay\u0131t indirimlerinden de faydalanabilirsiniz. D\u00fczenledi\u011finiz e\u011fitim ilanlar\u0131n\u0131 Medikurs e\u011fitim sitesinde payla\u015fabilir, T\u00fcrkiye genelinde binlerce ki\u015fiye ula\u015f\u0131m\u0131n\u0131 sa\u011flayabilirsiniz. E\u011fitim ilanlar\u0131n\u0131z\u0131 payla\u015fmak i\u00e7in detayl\u0131 bilgiyi\u00a00535\u00a0362 95 47\u00a0nolu numaradan alabilirsiniz.","og_url":"https:\/\/medikurs.com.tr\/en\/about-us\/","og_site_name":"Medikurs","article_modified_time":"2023-12-28T12:24:40+00:00","og_image":[{"url":"https:\/\/medikurs.com.tr\/wp-content\/uploads\/2023\/05\/ost-1024x449.jpg","type":"","width":"","height":""}],"twitter_card":"summary_large_image","twitter_misc":{"Est. reading time":"1 minute"},"schema":{"@context":"https:\/\/schema.org","@graph":[{"@type":"WebPage","@id":"https:\/\/medikurs.com.tr\/en\/about-us\/","url":"https:\/\/medikurs.com.tr\/en\/about-us\/","name":"ABOUT US - Medikurs","isPartOf":{"@id":"https:\/\/medikurs.com.tr\/#website"},"primaryImageOfPage":{"@id":"https:\/\/medikurs.com.tr\/en\/about-us\/#primaryimage"},"image":{"@id":"https:\/\/medikurs.com.tr\/en\/about-us\/#primaryimage"},"thumbnailUrl":"https:\/\/medikurs.com.tr\/wp-content\/uploads\/2023\/05\/ost-1024x449.jpg","datePublished":"2023-05-03T20:47:05+00:00","dateModified":"2023-12-28T12:24:40+00:00","breadcrumb":{"@id":"https:\/\/medikurs.com.tr\/en\/about-us\/#breadcrumb"},"inLanguage":"en-US","potentialAction":[{"@type":"ReadAction","target":["https:\/\/medikurs.com.tr\/en\/about-us\/"]}]},{"@type":"ImageObject","inLanguage":"en-US","@id":"https:\/\/medikurs.com.tr\/en\/about-us\/#primaryimage","url":"https:\/\/medikurs.com.tr\/wp-content\/uploads\/2023\/05\/ost-1024x449.jpg","contentUrl":"https:\/\/medikurs.com.tr\/wp-content\/uploads\/2023\/05\/ost-1024x449.jpg"},{"@type":"BreadcrumbList","@id":"https:\/\/medikurs.com.tr\/en\/about-us\/#breadcrumb","itemListElement":[{"@type":"ListItem","position":1,"name":"Anasayfa","item":"https:\/\/medikurs.com.tr\/en\/"},{"@type":"ListItem","position":2,"name":"ABOUT US"}]},{"@type":"WebSite","@id":"https:\/\/medikurs.com.tr\/#website","url":"https:\/\/medikurs.com.tr\/","name":"Medikurs | Fizyoterapi, Osteopati E\u011fitimleri","description":"","publisher":{"@id":"https:\/\/medikurs.com.tr\/#organization"},"potentialAction":[{"@type":"SearchAction","target":{"@type":"EntryPoint","urlTemplate":"https:\/\/medikurs.com.tr\/?s={search_term_string}"},"query-input":{"@type":"PropertyValueSpecification","valueRequired":true,"valueName":"search_term_string"}}],"inLanguage":"en-US"},{"@type":"Organization","@id":"https:\/\/medikurs.com.tr\/#organization","name":"Medikurs E\u011fitim","url":"https:\/\/medikurs.com.tr\/","logo":{"@type":"ImageObject","inLanguage":"en-US","@id":"https:\/\/medikurs.com.tr\/#\/schema\/logo\/image\/","url":"https:\/\/medikurs.com.tr\/wp-content\/uploads\/2023\/11\/medikurs-logo.png","contentUrl":"https:\/\/medikurs.com.tr\/wp-content\/uploads\/2023\/11\/medikurs-logo.png","width":1200,"height":301,"caption":"Medikurs E\u011fitim"},"image":{"@id":"https:\/\/medikurs.com.tr\/#\/schema\/logo\/image\/"},"sameAs":["https:\/\/www.youtube.com\/@medikursfizyoterapiosteopa1417","https:\/\/www.instagram.com\/medikurs"]}]}},"_links":{"self":[{"href":"https:\/\/medikurs.com.tr\/en\/wp-json\/wp\/v2\/pages\/1415","targetHints":{"allow":["GET"]}}],"collection":[{"href":"https:\/\/medikurs.com.tr\/en\/wp-json\/wp\/v2\/pages"}],"about":[{"href":"https:\/\/medikurs.com.tr\/en\/wp-json\/wp\/v2\/types\/page"}],"author":[{"embeddable":true,"href":"https:\/\/medikurs.com.tr\/en\/wp-json\/wp\/v2\/users\/1"}],"replies":[{"embeddable":true,"href":"https:\/\/medikurs.com.tr\/en\/wp-json\/wp\/v2\/comments?post=1415"}],"version-history":[{"count":1,"href":"https:\/\/medikurs.com.tr\/en\/wp-json\/wp\/v2\/pages\/1415\/revisions"}],"predecessor-version":[{"id":1550,"href":"https:\/\/medikurs.com.tr\/en\/wp-json\/wp\/v2\/pages\/1415\/revisions\/1550"}],"wp:attachment":[{"href":"https:\/\/medikurs.com.tr\/en\/wp-json\/wp\/v2\/media?parent=1415"}],"curies":[{"name":"wp","href":"https:\/\/api.w.org\/{rel}","templated":true}]}}