{"id":1411,"date":"2023-10-30T14:45:02","date_gmt":"2023-10-30T11:45:02","guid":{"rendered":"https:\/\/medikurs.com.tr\/reklam-basvuru-formu\/"},"modified":"2023-12-28T15:23:51","modified_gmt":"2023-12-28T12:23:51","slug":"reklam-basvuru-formu","status":"publish","type":"page","link":"https:\/\/medikurs.com.tr\/en\/advertising-application-form\/","title":{"rendered":"Advertising Application Form"},"content":{"rendered":"<div class=\"wpb-content-wrapper\"><p>[vc_row][vc_column]<script type=\"text\/javascript\">var gform;gform||(document.addEventListener(\"gform_main_scripts_loaded\",function(){gform.scriptsLoaded=!0}),window.addEventListener(\"DOMContentLoaded\",function(){gform.domLoaded=!0}),gform={domLoaded:!1,scriptsLoaded:!1,initializeOnLoaded:function(o){gform.domLoaded&&gform.scriptsLoaded?o():!gform.domLoaded&&gform.scriptsLoaded?window.addEventListener(\"DOMContentLoaded\",o):document.addEventListener(\"gform_main_scripts_loaded\",o)},hooks:{action:{},filter:{}},addAction:function(o,n,r,t){gform.addHook(\"action\",o,n,r,t)},addFilter:function(o,n,r,t){gform.addHook(\"filter\",o,n,r,t)},doAction:function(o){gform.doHook(\"action\",o,arguments)},applyFilters:function(o){return gform.doHook(\"filter\",o,arguments)},removeAction:function(o,n){gform.removeHook(\"action\",o,n)},removeFilter:function(o,n,r){gform.removeHook(\"filter\",o,n,r)},addHook:function(o,n,r,t,i){null==gform.hooks[o][n]&&(gform.hooks[o][n]=[]);var e=gform.hooks[o][n];null==i&&(i=n+\"_\"+e.length),gform.hooks[o][n].push({tag:i,callable:r,priority:t=null==t?10:t})},doHook:function(n,o,r){var t;if(r=Array.prototype.slice.call(r,1),null!=gform.hooks[n][o]&&((o=gform.hooks[n][o]).sort(function(o,n){return o.priority-n.priority}),o.forEach(function(o){\"function\"!=typeof(t=o.callable)&&(t=window[t]),\"action\"==n?t.apply(null,r):r[0]=t.apply(null,r)})),\"filter\"==n)return r[0]},removeHook:function(o,n,t,i){var r;null!=gform.hooks[o][n]&&(r=(r=gform.hooks[o][n]).filter(function(o,n,r){return!!(null!=i&&i!=o.tag||null!=t&&t!=o.priority)}),gform.hooks[o][n]=r)}});<\/script>\n                <div class='gf_browser_gecko gform_wrapper gravity-theme gform-theme--no-framework' data-form-theme='gravity-theme' data-form-index='0' id='gform_wrapper_4' ><form method='post' enctype='multipart\/form-data'  id='gform_4'  action='\/en\/wp-json\/wp\/v2\/pages\/1411' data-formid='4' novalidate>\n                        <div class='gform-body gform_body'><div id='gform_fields_4' class='gform_fields top_label form_sublabel_below description_below'><div id=\"field_4_1\" class=\"gfield gfield--type-text gfield_contains_required field_sublabel_below gfield--no-description field_description_below gfield_visibility_visible\"  data-js-reload=\"field_4_1\" ><label class='gfield_label gform-field-label' for='input_4_1'>Ad\u0131n\u0131z Soyad\u0131n\u0131z<span class=\"gfield_required\"><span class=\"gfield_required gfield_required_text\">(Required)<\/span><\/span><\/label><div class='ginput_container ginput_container_text'><input name='input_1' id='input_4_1' type='text' value='' class='large'     aria-required=\"true\" aria-invalid=\"false\"   \/> <\/div><\/div><div id=\"field_4_3\" class=\"gfield gfield--type-text gfield--width-full gfield_contains_required field_sublabel_below gfield--no-description field_description_below gfield_visibility_visible\"  data-js-reload=\"field_4_3\" ><label class='gfield_label gform-field-label' for='input_4_3'>Firma Ad\u0131<span class=\"gfield_required\"><span class=\"gfield_required gfield_required_text\">(Required)<\/span><\/span><\/label><div class='ginput_container ginput_container_text'><input name='input_3' id='input_4_3' type='text' value='' class='large'     aria-required=\"true\" aria-invalid=\"false\"   \/> <\/div><\/div><div id=\"field_4_4\" class=\"gfield gfield--type-text gfield--width-full gfield_contains_required field_sublabel_below gfield--no-description field_description_below gfield_visibility_visible\"  data-js-reload=\"field_4_4\" ><label class='gfield_label gform-field-label' for='input_4_4'>\u0130leti\u015fim Telefon yada Mail Adresi<span class=\"gfield_required\"><span class=\"gfield_required gfield_required_text\">(Required)<\/span><\/span><\/label><div class='ginput_container ginput_container_text'><input name='input_4' id='input_4_4' type='text' value='' class='large'     aria-required=\"true\" aria-invalid=\"false\"   \/> <\/div><\/div><fieldset id=\"field_4_5\" class=\"gfield gfield--type-checkbox gfield--type-choice gfield--width-full gfield_contains_required field_sublabel_below gfield--no-description field_description_below gfield_visibility_visible\"  data-js-reload=\"field_4_5\" ><legend class='gfield_label gform-field-label gfield_label_before_complex' >ONAYLIYORUM<span class=\"gfield_required\"><span class=\"gfield_required gfield_required_text\">(Required)<\/span><\/span><\/legend><div class='ginput_container ginput_container_checkbox'><div class='gfield_checkbox' id='input_4_5'><div class='gchoice gchoice_4_5_1'>\n\t\t\t\t\t\t\t\t<input class='gfield-choice-input' name='input_5.1' type='checkbox'  value='Bilgilerin Do\u011frulu\u011funu Onayl\u0131yorum.'  id='choice_4_5_1'   \/>\n\t\t\t\t\t\t\t\t<label for='choice_4_5_1' id='label_4_5_1' class='gform-field-label gform-field-label--type-inline'>Bilgilerin Do\u011frulu\u011funu Onayl\u0131yorum.<\/label>\n\t\t\t\t\t\t\t<\/div><\/div><\/div><\/fieldset><\/div><\/div>\n        <div class='gform_footer top_label'> <input type='submit' id='gform_submit_button_4' class='gform_button button' value='G\u00f6nder'  onclick='if(window[\"gf_submitting_4\"]){return false;}  if( !jQuery(\"#gform_4\")[0].checkValidity || jQuery(\"#gform_4\")[0].checkValidity()){window[\"gf_submitting_4\"]=true;}  ' onkeypress='if( event.keyCode == 13 ){ if(window[\"gf_submitting_4\"]){return false;} if( !jQuery(\"#gform_4\")[0].checkValidity || jQuery(\"#gform_4\")[0].checkValidity()){window[\"gf_submitting_4\"]=true;}  jQuery(\"#gform_4\").trigger(\"submit\",[true]); }' \/> \n            <input type='hidden' class='gform_hidden' name='is_submit_4' value='1' \/>\n            <input type='hidden' class='gform_hidden' name='gform_submit' value='4' \/>\n            \n            <input type='hidden' class='gform_hidden' name='gform_unique_id' value='' \/>\n            <input type='hidden' class='gform_hidden' name='state_4' value='WyJbXSIsIjJkYWVjZTc5ZTQ0YWUyMmY2NzM2YTczNDYxMjMzN2Q5Il0=' \/>\n            <input type='hidden' class='gform_hidden' name='gform_target_page_number_4' id='gform_target_page_number_4' value='0' \/>\n            <input type='hidden' class='gform_hidden' name='gform_source_page_number_4' id='gform_source_page_number_4' value='1' \/>\n            <input type='hidden' name='gform_field_values' value='' \/>\n            \n        <\/div>\n                        <p style=\"display: none !important;\" class=\"akismet-fields-container\" data-prefix=\"ak_\"><label>&#916;<textarea name=\"ak_hp_textarea\" cols=\"45\" rows=\"8\" maxlength=\"100\"><\/textarea><\/label><input type=\"hidden\" id=\"ak_js_1\" name=\"ak_js\" value=\"48\"\/><script>document.getElementById( \"ak_js_1\" ).setAttribute( \"value\", ( new Date() ).getTime() );<\/script><\/p><\/form>\n                        <\/div><script type=\"text\/javascript\">\n\/* <![CDATA[ *\/\n gform.initializeOnLoaded( function() {gformInitSpinner( 4, 'https:\/\/medikurs.com.tr\/wp-content\/plugins\/gravityforms\/images\/spinner.svg', true );jQuery('#gform_ajax_frame_4').on('load',function(){var contents = jQuery(this).contents().find('*').html();var is_postback = contents.indexOf('GF_AJAX_POSTBACK') >= 0;if(!is_postback){return;}var form_content = jQuery(this).contents().find('#gform_wrapper_4');var is_confirmation = jQuery(this).contents().find('#gform_confirmation_wrapper_4').length > 0;var is_redirect = contents.indexOf('gformRedirect(){') >= 0;var is_form = form_content.length > 0 && ! is_redirect && ! is_confirmation;var mt = parseInt(jQuery('html').css('margin-top'), 10) + parseInt(jQuery('body').css('margin-top'), 10) + 100;if(is_form){jQuery('#gform_wrapper_4').html(form_content.html());if(form_content.hasClass('gform_validation_error')){jQuery('#gform_wrapper_4').addClass('gform_validation_error');} else {jQuery('#gform_wrapper_4').removeClass('gform_validation_error');}setTimeout( function() { \/* delay the scroll by 50 milliseconds to fix a bug in chrome *\/  }, 50 );if(window['gformInitDatepicker']) {gformInitDatepicker();}if(window['gformInitPriceFields']) {gformInitPriceFields();}var current_page = jQuery('#gform_source_page_number_4').val();gformInitSpinner( 4, 'https:\/\/medikurs.com.tr\/wp-content\/plugins\/gravityforms\/images\/spinner.svg', true );jQuery(document).trigger('gform_page_loaded', [4, current_page]);window['gf_submitting_4'] = false;}else if(!is_redirect){var confirmation_content = jQuery(this).contents().find('.GF_AJAX_POSTBACK').html();if(!confirmation_content){confirmation_content = contents;}setTimeout(function(){jQuery('#gform_wrapper_4').replaceWith(confirmation_content);jQuery(document).trigger('gform_confirmation_loaded', [4]);window['gf_submitting_4'] = false;wp.a11y.speak(jQuery('#gform_confirmation_message_4').text());}, 50);}else{jQuery('#gform_4').append(contents);if(window['gformRedirect']) {gformRedirect();}}jQuery(document).trigger('gform_post_render', [4, current_page]);gform.utils.trigger({ event: 'gform\/postRender', native: false, data: { formId: 4, currentPage: current_page } });} );} ); \n\/* ]]> *\/\n<\/script>\n[\/vc_column][\/vc_row]<\/p>\n<\/div>","protected":false},"excerpt":{"rendered":"<p>[vc_row][vc_column][\/vc_column][\/vc_row]<\/p>\n","protected":false},"author":3,"featured_media":0,"parent":0,"menu_order":0,"comment_status":"closed","ping_status":"closed","template":"","meta":{"footnotes":""},"class_list":["post-1411","page","type-page","status-publish","hentry"],"yoast_head":"<!-- This site is optimized with the Yoast SEO plugin v27.4 - https:\/\/yoast.com\/product\/yoast-seo-wordpress\/ -->\n<title>Advertising Application Form - Medikurs<\/title>\n<meta name=\"robots\" content=\"index, follow, max-snippet:-1, max-image-preview:large, max-video-preview:-1\" \/>\n<link rel=\"canonical\" href=\"https:\/\/medikurs.com.tr\/en\/advertising-application-form\/\" \/>\n<meta property=\"og:locale\" content=\"en_US\" \/>\n<meta property=\"og:type\" content=\"article\" \/>\n<meta property=\"og:title\" content=\"Advertising Application Form - Medikurs\" \/>\n<meta property=\"og:description\" content=\"[vc_row][vc_column][\/vc_column][\/vc_row]\" \/>\n<meta property=\"og:url\" content=\"https:\/\/medikurs.com.tr\/en\/advertising-application-form\/\" \/>\n<meta property=\"og:site_name\" content=\"Medikurs\" \/>\n<meta property=\"article:modified_time\" content=\"2023-12-28T12:23:51+00:00\" \/>\n<meta name=\"twitter:card\" content=\"summary_large_image\" \/>\n<meta name=\"twitter:label1\" content=\"Est. reading time\" \/>\n\t<meta name=\"twitter:data1\" content=\"1 minute\" \/>\n<script type=\"application\/ld+json\" class=\"yoast-schema-graph\">{\"@context\":\"https:\\\/\\\/schema.org\",\"@graph\":[{\"@type\":\"WebPage\",\"@id\":\"https:\\\/\\\/medikurs.com.tr\\\/en\\\/advertising-application-form\\\/\",\"url\":\"https:\\\/\\\/medikurs.com.tr\\\/en\\\/advertising-application-form\\\/\",\"name\":\"Advertising Application Form - Medikurs\",\"isPartOf\":{\"@id\":\"https:\\\/\\\/medikurs.com.tr\\\/#website\"},\"datePublished\":\"2023-10-30T11:45:02+00:00\",\"dateModified\":\"2023-12-28T12:23:51+00:00\",\"breadcrumb\":{\"@id\":\"https:\\\/\\\/medikurs.com.tr\\\/en\\\/advertising-application-form\\\/#breadcrumb\"},\"inLanguage\":\"en-US\",\"potentialAction\":[{\"@type\":\"ReadAction\",\"target\":[\"https:\\\/\\\/medikurs.com.tr\\\/en\\\/advertising-application-form\\\/\"]}]},{\"@type\":\"BreadcrumbList\",\"@id\":\"https:\\\/\\\/medikurs.com.tr\\\/en\\\/advertising-application-form\\\/#breadcrumb\",\"itemListElement\":[{\"@type\":\"ListItem\",\"position\":1,\"name\":\"Anasayfa\",\"item\":\"https:\\\/\\\/medikurs.com.tr\\\/en\\\/\"},{\"@type\":\"ListItem\",\"position\":2,\"name\":\"Advertising Application Form\"}]},{\"@type\":\"WebSite\",\"@id\":\"https:\\\/\\\/medikurs.com.tr\\\/#website\",\"url\":\"https:\\\/\\\/medikurs.com.tr\\\/\",\"name\":\"Medikurs | Fizyoterapi, Osteopati E\u011fitimleri\",\"description\":\"\",\"publisher\":{\"@id\":\"https:\\\/\\\/medikurs.com.tr\\\/#organization\"},\"potentialAction\":[{\"@type\":\"SearchAction\",\"target\":{\"@type\":\"EntryPoint\",\"urlTemplate\":\"https:\\\/\\\/medikurs.com.tr\\\/?s={search_term_string}\"},\"query-input\":{\"@type\":\"PropertyValueSpecification\",\"valueRequired\":true,\"valueName\":\"search_term_string\"}}],\"inLanguage\":\"en-US\"},{\"@type\":\"Organization\",\"@id\":\"https:\\\/\\\/medikurs.com.tr\\\/#organization\",\"name\":\"Medikurs E\u011fitim\",\"url\":\"https:\\\/\\\/medikurs.com.tr\\\/\",\"logo\":{\"@type\":\"ImageObject\",\"inLanguage\":\"en-US\",\"@id\":\"https:\\\/\\\/medikurs.com.tr\\\/#\\\/schema\\\/logo\\\/image\\\/\",\"url\":\"https:\\\/\\\/medikurs.com.tr\\\/wp-content\\\/uploads\\\/2023\\\/11\\\/medikurs-logo.png\",\"contentUrl\":\"https:\\\/\\\/medikurs.com.tr\\\/wp-content\\\/uploads\\\/2023\\\/11\\\/medikurs-logo.png\",\"width\":1200,\"height\":301,\"caption\":\"Medikurs E\u011fitim\"},\"image\":{\"@id\":\"https:\\\/\\\/medikurs.com.tr\\\/#\\\/schema\\\/logo\\\/image\\\/\"},\"sameAs\":[\"https:\\\/\\\/www.youtube.com\\\/@medikursfizyoterapiosteopa1417\",\"https:\\\/\\\/www.instagram.com\\\/medikurs\"]}]}<\/script>\n<!-- \/ Yoast SEO plugin. -->","yoast_head_json":{"title":"Advertising Application Form - Medikurs","robots":{"index":"index","follow":"follow","max-snippet":"max-snippet:-1","max-image-preview":"max-image-preview:large","max-video-preview":"max-video-preview:-1"},"canonical":"https:\/\/medikurs.com.tr\/en\/advertising-application-form\/","og_locale":"en_US","og_type":"article","og_title":"Advertising Application Form - Medikurs","og_description":"[vc_row][vc_column][\/vc_column][\/vc_row]","og_url":"https:\/\/medikurs.com.tr\/en\/advertising-application-form\/","og_site_name":"Medikurs","article_modified_time":"2023-12-28T12:23:51+00:00","twitter_card":"summary_large_image","twitter_misc":{"Est. reading time":"1 minute"},"schema":{"@context":"https:\/\/schema.org","@graph":[{"@type":"WebPage","@id":"https:\/\/medikurs.com.tr\/en\/advertising-application-form\/","url":"https:\/\/medikurs.com.tr\/en\/advertising-application-form\/","name":"Advertising Application Form - Medikurs","isPartOf":{"@id":"https:\/\/medikurs.com.tr\/#website"},"datePublished":"2023-10-30T11:45:02+00:00","dateModified":"2023-12-28T12:23:51+00:00","breadcrumb":{"@id":"https:\/\/medikurs.com.tr\/en\/advertising-application-form\/#breadcrumb"},"inLanguage":"en-US","potentialAction":[{"@type":"ReadAction","target":["https:\/\/medikurs.com.tr\/en\/advertising-application-form\/"]}]},{"@type":"BreadcrumbList","@id":"https:\/\/medikurs.com.tr\/en\/advertising-application-form\/#breadcrumb","itemListElement":[{"@type":"ListItem","position":1,"name":"Anasayfa","item":"https:\/\/medikurs.com.tr\/en\/"},{"@type":"ListItem","position":2,"name":"Advertising Application Form"}]},{"@type":"WebSite","@id":"https:\/\/medikurs.com.tr\/#website","url":"https:\/\/medikurs.com.tr\/","name":"Medikurs | Fizyoterapi, Osteopati E\u011fitimleri","description":"","publisher":{"@id":"https:\/\/medikurs.com.tr\/#organization"},"potentialAction":[{"@type":"SearchAction","target":{"@type":"EntryPoint","urlTemplate":"https:\/\/medikurs.com.tr\/?s={search_term_string}"},"query-input":{"@type":"PropertyValueSpecification","valueRequired":true,"valueName":"search_term_string"}}],"inLanguage":"en-US"},{"@type":"Organization","@id":"https:\/\/medikurs.com.tr\/#organization","name":"Medikurs E\u011fitim","url":"https:\/\/medikurs.com.tr\/","logo":{"@type":"ImageObject","inLanguage":"en-US","@id":"https:\/\/medikurs.com.tr\/#\/schema\/logo\/image\/","url":"https:\/\/medikurs.com.tr\/wp-content\/uploads\/2023\/11\/medikurs-logo.png","contentUrl":"https:\/\/medikurs.com.tr\/wp-content\/uploads\/2023\/11\/medikurs-logo.png","width":1200,"height":301,"caption":"Medikurs E\u011fitim"},"image":{"@id":"https:\/\/medikurs.com.tr\/#\/schema\/logo\/image\/"},"sameAs":["https:\/\/www.youtube.com\/@medikursfizyoterapiosteopa1417","https:\/\/www.instagram.com\/medikurs"]}]}},"_links":{"self":[{"href":"https:\/\/medikurs.com.tr\/en\/wp-json\/wp\/v2\/pages\/1411","targetHints":{"allow":["GET"]}}],"collection":[{"href":"https:\/\/medikurs.com.tr\/en\/wp-json\/wp\/v2\/pages"}],"about":[{"href":"https:\/\/medikurs.com.tr\/en\/wp-json\/wp\/v2\/types\/page"}],"author":[{"embeddable":true,"href":"https:\/\/medikurs.com.tr\/en\/wp-json\/wp\/v2\/users\/3"}],"replies":[{"embeddable":true,"href":"https:\/\/medikurs.com.tr\/en\/wp-json\/wp\/v2\/comments?post=1411"}],"version-history":[{"count":1,"href":"https:\/\/medikurs.com.tr\/en\/wp-json\/wp\/v2\/pages\/1411\/revisions"}],"predecessor-version":[{"id":1548,"href":"https:\/\/medikurs.com.tr\/en\/wp-json\/wp\/v2\/pages\/1411\/revisions\/1548"}],"wp:attachment":[{"href":"https:\/\/medikurs.com.tr\/en\/wp-json\/wp\/v2\/media?parent=1411"}],"curies":[{"name":"wp","href":"https:\/\/api.w.org\/{rel}","templated":true}]}}